{"id":133,"date":"2024-09-23T23:00:55","date_gmt":"2024-09-23T23:00:55","guid":{"rendered":"https:\/\/www.satamapaikka.com\/?page_id=133"},"modified":"2025-02-23T00:01:08","modified_gmt":"2025-02-22T21:01:08","slug":"kontaktinformation","status":"publish","type":"page","link":"https:\/\/www.satamapaikka.com\/?page_id=133","title":{"rendered":"Kontaktinformation"},"content":{"rendered":"<div  class='flex_column av-1qvc1h-78c5611bfd0dff6cab08d94aee9415c6 av_one_third  avia-builder-el-0  el_before_av_two_third  avia-builder-el-first  first flex_column_div  '     ><p>\n<style type=\"text\/css\" data-created_by=\"avia_inline_auto\" id=\"style-css-av-1meiot-cabbdcaff53c34f1b10a61b518260ec6\">\n.avia-image-container.av-1meiot-cabbdcaff53c34f1b10a61b518260ec6 img.avia_image{\nbox-shadow:none;\n}\n.avia-image-container.av-1meiot-cabbdcaff53c34f1b10a61b518260ec6 .av-image-caption-overlay-center{\ncolor:#ffffff;\n}\n<\/style>\n<div  class='avia-image-container av-1meiot-cabbdcaff53c34f1b10a61b518260ec6 av-styling- avia-align-center  avia-builder-el-1  el_before_av_hr  avia-builder-el-first  av-small-hide av-mini-hide'   itemprop=\"image\" itemscope=\"itemscope\" itemtype=\"https:\/\/schema.org\/ImageObject\" ><div class=\"avia-image-container-inner\"><div class=\"avia-image-overlay-wrap\"><img decoding=\"async\" fetchpriority=\"high\" class='wp-image-28 avia-img-lazy-loading-not-28 avia_image ' src=\"https:\/\/www.satamapaikka.com\/wp-content\/uploads\/2024\/09\/mtek_mobile_309x640.webp\" alt='' title='mtek_mobile_309x640'  height=\"640\" width=\"309\"  itemprop=\"thumbnailUrl\" srcset=\"https:\/\/www.satamapaikka.com\/wp-content\/uploads\/2024\/09\/mtek_mobile_309x640.webp 309w, https:\/\/www.satamapaikka.com\/wp-content\/uploads\/2024\/09\/mtek_mobile_309x640-145x300.webp 145w\" sizes=\"(max-width: 309px) 100vw, 309px\" \/><\/div><\/div><\/div><br \/>\n<div  class='hr av-5baod-9525c7c297d36e385ec9e746562306f4 hr-short  avia-builder-el-2  el_after_av_image  el_before_av_icon_box  hr-center'><span class='hr-inner '><span class=\"hr-inner-style\"><\/span><\/span><\/div><br \/>\n<article  class='iconbox iconbox_top av-m1fm0ijs-aeea7a489594301bf7413c2580a4027c  avia-builder-el-3  el_after_av_hr  avia-builder-el-last  main_color'  itemscope=\"itemscope\" itemtype=\"https:\/\/schema.org\/CreativeWork\" ><div class=\"iconbox_content\"><header class=\"entry-content-header\" aria-label=\"Icon: F\u00f6retagets kontaktinformation\"><div class='iconbox_icon heading-color avia-iconfont avia-font-entypo-fontello' data-av_icon='\ue805' data-av_iconfont='entypo-fontello'  ><\/div><h3 class='iconbox_content_title '  itemprop=\"headline\" >F\u00f6retagets kontaktinformation<\/h3><\/header><div class='iconbox_content_container '  itemprop=\"text\" ><p>Bookkaa Finland Oy<br \/>\nF\u00f6retagsnummer: 2543444-6<\/p>\n<p>F\u00f6rs\u00e4ljning:<\/p>\n<p><a href=\"mailto:sales@satamapaikka.com\" target=\"_blank\" rel=\"noopener\">sales@satamapaikka.com<\/a><\/p>\n<\/div><\/div><footer class=\"entry-footer\"><\/footer><\/article><\/p><\/div><div  class='flex_column av-uo30l-4718c2528a9ab95a527b6a06bd468f8d av_two_third  avia-builder-el-4  el_after_av_one_third  el_before_av_hr  flex_column_div  '     ><p><div  class='hr av-2l1n1-92050467dbbf9e93fa72975c224131c3 hr-short  avia-builder-el-5  el_before_av_icon_box  avia-builder-el-first  hr-center'><span class='hr-inner '><span class=\"hr-inner-style\"><\/span><\/span><\/div><br \/>\n<article  class='iconbox iconbox_top av-m1flr6zk-36c5ef1476af23d5619656869f475661  avia-builder-el-6  el_after_av_hr  el_before_av_hr  main_color'  itemscope=\"itemscope\" itemtype=\"https:\/\/schema.org\/CreativeWork\" ><div class=\"iconbox_content\"><header class=\"entry-content-header\" aria-label=\"Icon: Kontaktinformation f\u00f6r kundservice\"><div class='iconbox_icon heading-color avia-iconfont avia-font-entypo-fontello' data-av_icon='\ue81f' data-av_iconfont='entypo-fontello'  ><\/div><h3 class='iconbox_content_title '  itemprop=\"headline\" >Kontaktinformation f\u00f6r kundservice<\/h3><\/header><div class='iconbox_content_container '  itemprop=\"text\" ><p>Kundsupport: <a rel=\"noopener\">servicedesk@satamapaikka.com<\/a><\/p>\n<p>Vi str\u00e4var efter att svara p\u00e5 alla e-postmeddelanden samma dag.<\/p>\n<\/div><\/div><footer class=\"entry-footer\"><\/footer><\/article><br \/>\n<div  class='hr av-n856l-b6a5bc9d819a8165df1008b236837876 hr-short  avia-builder-el-7  el_after_av_icon_box  el_before_av_icon_box  hr-center'><span class='hr-inner '><span class=\"hr-inner-style\"><\/span><\/span><\/div><br \/>\n<article  class='iconbox iconbox_top av-m1flskq8-9feced57343aca7051f587a51610e207  avia-builder-el-8  el_after_av_hr  el_before_av_hr  main_color'  itemscope=\"itemscope\" itemtype=\"https:\/\/schema.org\/CreativeWork\" ><div class=\"iconbox_content\"><header class=\"entry-content-header\" aria-label=\"Icon: Du hittar oss ocks\u00e5 p\u00e5 Facebook\"><div class='iconbox_icon heading-color avia-iconfont avia-font-entypo-fontello' data-av_icon='\ue8f4' data-av_iconfont='entypo-fontello'  ><\/div><h3 class='iconbox_content_title '  itemprop=\"headline\" >Du hittar oss ocks\u00e5 p\u00e5 Facebook<\/h3><\/header><div class='iconbox_content_container '  itemprop=\"text\" ><p style=\"text-align: center;\"><a title=\"Satamapaikka.com Facebook\" href=\"http:\/\/www.facebook.com\/Satamapaikkacom\" target=\"_blank\" rel=\"noopener\">www.facebook.com\/Satamapaikkacom<\/a><\/p>\n<p style=\"text-align: center;\">G\u00e5 in och gilla!<\/p>\n<p><iframe style=\"overflow: hidden; width: 100%; height: 80px;\" src=\"http:\/\/www.facebook.com\/plugins\/like.php?href=http%3A%2F%2Fwww.facebook.com\/Satamapaikkacom&#038;layout=standard&#038;show_faces=true&#038;action=like&#038;colorscheme=light&#038;\" frameborder=\"0\" scrolling=\"no\"><a href=\"http:\/\/goertz-gutschein-map.com\" class=\"fbook\">http:\/\/goertz-gutschein-map.com<\/a><\/iframe><\/p>\n<\/div><\/div><footer class=\"entry-footer\"><\/footer><\/article><br \/>\n<div  class='hr av-dus4d-ce550e372d0759cf3b39a404d4f21637 hr-short  avia-builder-el-9  el_after_av_icon_box  el_before_av_icon_box  hr-center'><span class='hr-inner '><span class=\"hr-inner-style\"><\/span><\/span><\/div><br \/>\n<article  class='iconbox iconbox_top av-m1fm2euy-a24b51b83f2348156728553caf60c6ab  avia-builder-el-10  el_after_av_hr  avia-builder-el-last  main_color'  itemscope=\"itemscope\" itemtype=\"https:\/\/schema.org\/CreativeWork\" ><div class=\"iconbox_content\"><header class=\"entry-content-header\" aria-label=\"Icon: Faktureringsadress\"><div class='iconbox_icon heading-color avia-iconfont avia-font-entypo-fontello' data-av_icon='\ue81f' data-av_iconfont='entypo-fontello'  ><\/div><h3 class='iconbox_content_title '  itemprop=\"headline\" >Faktureringsadress<\/h3><\/header><div class='iconbox_content_container '  itemprop=\"text\" ><p><strong>E-fakturor<\/strong><\/p>\n<p>E-fakturaadress: 003725434446<\/p>\n<p>Operat\u00f6r: Maventa (003721291126)<\/p>\n<p>Mottagarkod vid s\u00e4ndning fr\u00e5n bankn\u00e4tverket: DABAFIHH*<\/p>\n<p>*Anv\u00e4nd denna mottagarkod om er e-faktureringsprogramvara inte kan skicka fakturor direkt till Maventans mottagarkod.<\/p>\n<p>Mottagande av fakturor via e-post Fakturor skickas till tj\u00e4nsten som PDF-bilagor via e-post, och bilagorna till fakturan ska vara i samma fil som sj\u00e4lva fakturan. E-postadress f\u00f6r e-fakturor: <a rel=\"noopener\">25434446@scan.netvisor.fi<\/a><\/p>\n<p><strong>Pappersfakturor<\/strong><\/p>\n<p>Bookkaa Finland Oy<\/p>\n<p>25434446<\/p>\n<p>PL 100<\/p>\n<p>80020 Kollektor Scan<\/p>\n<\/div><\/div><footer class=\"entry-footer\"><\/footer><\/article><\/p><\/div><\/p>\n<div  class='hr av-9jkxh-e1cf51a1c7ec7c2431c0f865f8640bae hr-short  avia-builder-el-11  el_after_av_two_third  avia-builder-el-last  hr-center'><span class='hr-inner '><span class=\"hr-inner-style\"><\/span><\/span><\/div>\n","protected":false},"excerpt":{"rendered":"","protected":false},"author":1,"featured_media":0,"parent":0,"menu_order":0,"comment_status":"closed","ping_status":"closed","template":"","meta":{"footnotes":""},"class_list":["post-133","page","type-page","status-publish","hentry"],"jetpack_sharing_enabled":true,"_links":{"self":[{"href":"https:\/\/www.satamapaikka.com\/index.php?rest_route=\/wp\/v2\/pages\/133","targetHints":{"allow":["GET"]}}],"collection":[{"href":"https:\/\/www.satamapaikka.com\/index.php?rest_route=\/wp\/v2\/pages"}],"about":[{"href":"https:\/\/www.satamapaikka.com\/index.php?rest_route=\/wp\/v2\/types\/page"}],"author":[{"embeddable":true,"href":"https:\/\/www.satamapaikka.com\/index.php?rest_route=\/wp\/v2\/users\/1"}],"replies":[{"embeddable":true,"href":"https:\/\/www.satamapaikka.com\/index.php?rest_route=%2Fwp%2Fv2%2Fcomments&post=133"}],"version-history":[{"count":9,"href":"https:\/\/www.satamapaikka.com\/index.php?rest_route=\/wp\/v2\/pages\/133\/revisions"}],"predecessor-version":[{"id":2080,"href":"https:\/\/www.satamapaikka.com\/index.php?rest_route=\/wp\/v2\/pages\/133\/revisions\/2080"}],"wp:attachment":[{"href":"https:\/\/www.satamapaikka.com\/index.php?rest_route=%2Fwp%2Fv2%2Fmedia&parent=133"}],"curies":[{"name":"wp","href":"https:\/\/api.w.org\/{rel}","templated":true}]}}