{"id":140,"date":"2024-09-23T23:13:36","date_gmt":"2024-09-23T23:13:36","guid":{"rendered":"https:\/\/www.satamapaikka.com\/?page_id=140"},"modified":"2026-04-08T00:15:41","modified_gmt":"2026-04-07T21:15:41","slug":"seasonal-spots","status":"publish","type":"page","link":"https:\/\/www.satamapaikka.com\/?page_id=140","title":{"rendered":"Seasonal Spots"},"content":{"rendered":"\n<style type=\"text\/css\" data-created_by=\"avia_inline_auto\" id=\"style-css-av-m7gpolak-4c7a23e7c60b67fffbc16ca72b520beb\">\n#top .hr.hr-invisible.av-m7gpolak-4c7a23e7c60b67fffbc16ca72b520beb{\nheight:20px;\n}\n<\/style>\n<div  class='hr av-m7gpolak-4c7a23e7c60b67fffbc16ca72b520beb hr-invisible  avia-builder-el-0  el_before_av_section  avia-builder-el-no-sibling  av-small-hide av-mini-hide'><span class='hr-inner '><span class=\"hr-inner-style\"><\/span><\/span><\/div>\n<\/div><\/div><\/div><!-- close content main div --><\/div><\/div><div id='av_section_1'  class='avia-section av-dxf18-3492eeb5aa911408aba3e65dae5a9cd9 main_color avia-section-no-padding avia-no-border-styling  avia-builder-el-1  el_after_av_hr  el_before_av_one_full  fullwidth-map av-desktop-hide av-medium-hide avia-bg-style-scroll container_wrap fullsize'  ><div class='container av-section-cont-open' ><div class='template-page content  av-content-full alpha units'><div class='post-entry post-entry-type-page post-entry-140'><div class='entry-content-wrapper clearfix'>\n\n<\/div><\/div><\/div><!-- close content main div --><\/div><\/div><div id='after_section_1'  class='main_color av_default_container_wrap container_wrap fullsize'  ><div class='container av-section-cont-open' ><div class='template-page content  av-content-full alpha units'><div class='post-entry post-entry-type-page post-entry-140'><div class='entry-content-wrapper clearfix'><div  class='flex_column av-k7nbo-ac0a5933be18935d9e64c62ceb3f780d av_one_full  avia-builder-el-3  el_after_av_section  el_before_av_portfolio  avia-builder-el-no-sibling  first flex_column_div  '     ><article  class='iconbox iconbox_left av-m1fmhfx4-57327bd4f4b10685374c819f9c731374  avia-builder-el-4  avia-builder-el-no-sibling '  itemscope=\"itemscope\" itemtype=\"https:\/\/schema.org\/CreativeWork\" ><div class=\"iconbox_content\"><header class=\"entry-content-header\" aria-label=\"Icon: Seasonal Spots\"><div class='iconbox_icon heading-color avia-iconfont avia-font-entypo-fontello' data-av_icon='\ue842' data-av_iconfont='entypo-fontello'  ><\/div><h3 class='iconbox_content_title '  itemprop=\"headline\" >Seasonal Spots<\/h3><\/header><div class='iconbox_content_container '  itemprop=\"text\" ><\/div><\/div><footer class=\"entry-footer\"><\/footer><\/article><\/div><\/p>\n<div  id=\"av-sc-portfolio-1\"  class=\"av-portfolio-grid-sorting-container\"><div class='sort_width_container  av-sort-yes' data-portfolio-id='1' ><div id='js_sort_items' ><div class='sort_by_cat hidden'><a href=\"#\" data-filter=\"all_sort\" class=\"all_sort_button active_sort\"><span class=\"inner_sort_button\"><span>All<\/span><small class=\"av-cat-count\"> 13 <\/small><\/span><\/a><span class=\"text-sep seasonal-berths_sort_sep\">\/<\/span><a href=\"#\" data-filter=\"seasonal-berths_sort\" class=\"seasonal-berths_sort_button\" ><span class=\"inner_sort_button\"><span>Seasonal Berths<\/span><small class=\"av-cat-count\"> 13 <\/small><\/span><\/a><\/div><\/div><\/div><div  class=' grid-sort-container isotope   no_margin-container with-title-container grid-total-odd grid-col-6 grid-links-' data-portfolio-id='1'><div data-ajax-id='616' class=' grid-entry flex_column isotope-item all_sort no_margin post-entry post-entry-616 grid-entry-overview grid-loop-1 grid-parity-odd  seasonal-berths_sort  av_one_sixth first default_av_fullwidth '><article class='main_color inner-entry'  itemscope=\"itemscope\" itemtype=\"https:\/\/schema.org\/CreativeWork\" ><a href=\"https:\/\/www.satamapaikka.com\/?portfolio=616\" title='Joensuu &#8211; Boat Places'  data-rel='grid-1' class='grid-image avia-hover-fx'> <img decoding=\"async\" fetchpriority=\"high\" width=\"260\" height=\"185\" src=\"https:\/\/www.satamapaikka.com\/wp-content\/uploads\/2024\/10\/thumb-260x185.jpg\" class=\"wp-image-493 avia-img-lazy-loading-not-493 attachment-portfolio_small size-portfolio_small wp-post-image\" alt=\"\" \/><\/a><div class='grid-content'><div class='avia-arrow'><\/div><header class=\"entry-content-header\" aria-label=\"Portfolio: Joensuu &#8211; Boat Places\"><h3 class='grid-entry-title entry-title '  itemprop=\"headline\" ><a href='https:\/\/www.satamapaikka.com\/?portfolio=616' title='Joensuu &#8211; Boat Places'>Joensuu &#8211; Boat Places<\/a><\/h3><\/header><\/div><footer class=\"entry-footer\"><\/footer><\/article><\/div><div data-ajax-id='1036' class=' grid-entry flex_column isotope-item all_sort no_margin post-entry post-entry-1036 grid-entry-overview grid-loop-2 grid-parity-even  seasonal-berths_sort  av_one_sixth  default_av_fullwidth '><article class='main_color inner-entry'  itemscope=\"itemscope\" itemtype=\"https:\/\/schema.org\/CreativeWork\" ><a href=\"https:\/\/www.satamapaikka.com\/?portfolio=keilaranta-marina-2\" title='Keilaranta Marina'  data-rel='grid-1' class='grid-image avia-hover-fx'> <img decoding=\"async\" fetchpriority=\"high\" width=\"260\" height=\"185\" src=\"https:\/\/www.satamapaikka.com\/wp-content\/uploads\/2025\/01\/keilaranta_marina_done-260x185.webp\" class=\"wp-image-993 avia-img-lazy-loading-not-993 attachment-portfolio_small size-portfolio_small wp-post-image\" alt=\"\" \/><\/a><div class='grid-content'><div class='avia-arrow'><\/div><header class=\"entry-content-header\" aria-label=\"Portfolio: Keilaranta Marina\"><h3 class='grid-entry-title entry-title '  itemprop=\"headline\" ><a href='https:\/\/www.satamapaikka.com\/?portfolio=keilaranta-marina-2' title='Keilaranta Marina'>Keilaranta Marina<\/a><\/h3><\/header><\/div><footer class=\"entry-footer\"><\/footer><\/article><\/div><div data-ajax-id='2313' class=' grid-entry flex_column isotope-item all_sort no_margin post-entry post-entry-2313 grid-entry-overview grid-loop-3 grid-parity-odd  seasonal-berths_sort  av_one_sixth  default_av_fullwidth '><article class='main_color inner-entry'  itemscope=\"itemscope\" itemtype=\"https:\/\/schema.org\/CreativeWork\" ><a href=\"https:\/\/www.satamapaikka.com\/?portfolio=kemiosaari-boat-places\" title='Kemi\u00f6s\u00e4\u00e4ri Boat Places'  data-rel='grid-1' class='grid-image avia-hover-fx'> <img decoding=\"async\" fetchpriority=\"high\" width=\"260\" height=\"185\" src=\"https:\/\/www.satamapaikka.com\/wp-content\/uploads\/2025\/02\/20230427_090902-260x185.webp\" class=\"wp-image-2305 avia-img-lazy-loading-not-2305 attachment-portfolio_small size-portfolio_small wp-post-image\" alt=\"\" \/><\/a><div class='grid-content'><div class='avia-arrow'><\/div><header class=\"entry-content-header\" aria-label=\"Portfolio: Kemi\u00f6s\u00e4\u00e4ri Boat Places\"><h3 class='grid-entry-title entry-title '  itemprop=\"headline\" ><a href='https:\/\/www.satamapaikka.com\/?portfolio=kemiosaari-boat-places' title='Kemi\u00f6s\u00e4\u00e4ri Boat Places'>Kemi\u00f6s\u00e4\u00e4ri Boat Places<\/a><\/h3><\/header><\/div><footer class=\"entry-footer\"><\/footer><\/article><\/div><div data-ajax-id='2253' class=' grid-entry flex_column isotope-item all_sort no_margin post-entry post-entry-2253 grid-entry-overview grid-loop-4 grid-parity-even  seasonal-berths_sort  av_one_sixth  default_av_fullwidth '><article class='main_color inner-entry'  itemscope=\"itemscope\" itemtype=\"https:\/\/schema.org\/CreativeWork\" ><a href=\"https:\/\/www.satamapaikka.com\/?portfolio=kokkolas-seasonal-berths\" title='Kokkola&#8217;s Seasonal Berths'  data-rel='grid-1' class='grid-image avia-hover-fx'> <img decoding=\"async\" fetchpriority=\"high\" width=\"229\" height=\"185\" src=\"https:\/\/www.satamapaikka.com\/wp-content\/uploads\/2025\/02\/Suntinsuu_thumb-1.webp\" class=\"wp-image-4158 avia-img-lazy-loading-not-4158 attachment-portfolio_small size-portfolio_small wp-post-image\" alt=\"\" \/><\/a><div class='grid-content'><div class='avia-arrow'><\/div><header class=\"entry-content-header\" aria-label=\"Portfolio: Kokkola&#8217;s Seasonal Berths\"><h3 class='grid-entry-title entry-title '  itemprop=\"headline\" ><a href='https:\/\/www.satamapaikka.com\/?portfolio=kokkolas-seasonal-berths' title='Kokkola&#8217;s Seasonal Berths'>Kokkola&#8217;s Seasonal Berths<\/a><\/h3><\/header><\/div><footer class=\"entry-footer\"><\/footer><\/article><\/div><div data-ajax-id='1045' class=' grid-entry flex_column isotope-item all_sort no_margin post-entry post-entry-1045 grid-entry-overview grid-loop-5 grid-parity-odd  seasonal-berths_sort  av_one_sixth  default_av_fullwidth '><article class='main_color inner-entry'  itemscope=\"itemscope\" itemtype=\"https:\/\/schema.org\/CreativeWork\" ><a href=\"https:\/\/www.satamapaikka.com\/?portfolio=mathildas-marina-seasonal-spots\" title='Mathilda&#8217;s Marina &#8211; Seasonal Spots'  data-rel='grid-1' class='grid-image avia-hover-fx'> <img decoding=\"async\" fetchpriority=\"high\" width=\"260\" height=\"185\" src=\"https:\/\/www.satamapaikka.com\/wp-content\/uploads\/2025\/01\/20150619-Sonnvent-im-Hafen-und-Umgebung-37-1-260x185.webp\" class=\"wp-image-1026 avia-img-lazy-loading-not-1026 attachment-portfolio_small size-portfolio_small wp-post-image\" alt=\"\" \/><\/a><div class='grid-content'><div class='avia-arrow'><\/div><header class=\"entry-content-header\" aria-label=\"Portfolio: Mathilda&#8217;s Marina &#8211; Seasonal Spots\"><h3 class='grid-entry-title entry-title '  itemprop=\"headline\" ><a href='https:\/\/www.satamapaikka.com\/?portfolio=mathildas-marina-seasonal-spots' title='Mathilda&#8217;s Marina &#8211; Seasonal Spots'>Mathilda&#8217;s Marina &#8211; Seasonal Spots<\/a><\/h3><\/header><\/div><footer class=\"entry-footer\"><\/footer><\/article><\/div><div data-ajax-id='1434' class=' grid-entry flex_column isotope-item all_sort no_margin post-entry post-entry-1434 grid-entry-overview grid-loop-6 grid-parity-even  seasonal-berths_sort  av_one_sixth  default_av_fullwidth '><article class='main_color inner-entry'  itemscope=\"itemscope\" itemtype=\"https:\/\/schema.org\/CreativeWork\" ><a href=\"https:\/\/www.satamapaikka.com\/?portfolio=mikkeli-boat-places\" title='Mikkeli &#8211; Boat Places'  data-rel='grid-1' class='grid-image avia-hover-fx'> <img decoding=\"async\" fetchpriority=\"high\" width=\"260\" height=\"185\" src=\"https:\/\/www.satamapaikka.com\/wp-content\/uploads\/2025\/02\/Naviodf_defaultkuva-260x185.webp\" class=\"wp-image-1281 avia-img-lazy-loading-not-1281 attachment-portfolio_small size-portfolio_small wp-post-image\" alt=\"\" \/><\/a><div class='grid-content'><div class='avia-arrow'><\/div><header class=\"entry-content-header\" aria-label=\"Portfolio: Mikkeli &#8211; Boat Places\"><h3 class='grid-entry-title entry-title '  itemprop=\"headline\" ><a href='https:\/\/www.satamapaikka.com\/?portfolio=mikkeli-boat-places' title='Mikkeli &#8211; Boat Places'>Mikkeli &#8211; Boat Places<\/a><\/h3><\/header><\/div><footer class=\"entry-footer\"><\/footer><\/article><\/div><div data-ajax-id='1049' class=' grid-entry flex_column isotope-item all_sort no_margin post-entry post-entry-1049 grid-entry-overview grid-loop-7 grid-parity-odd  seasonal-berths_sort  av_one_sixth first default_av_fullwidth '><article class='main_color inner-entry'  itemscope=\"itemscope\" itemtype=\"https:\/\/schema.org\/CreativeWork\" ><a href=\"https:\/\/www.satamapaikka.com\/?portfolio=naantalis-homeport\" title='Naantali&#8217;s Homeport'  data-rel='grid-1' class='grid-image avia-hover-fx'> <img decoding=\"async\" fetchpriority=\"high\" width=\"260\" height=\"185\" src=\"https:\/\/www.satamapaikka.com\/wp-content\/uploads\/2025\/01\/Naantali3_495x400-260x185.webp\" class=\"wp-image-997 avia-img-lazy-loading-not-997 attachment-portfolio_small size-portfolio_small wp-post-image\" alt=\"\" \/><\/a><div class='grid-content'><div class='avia-arrow'><\/div><header class=\"entry-content-header\" aria-label=\"Portfolio: Naantali&#8217;s Homeport\"><h3 class='grid-entry-title entry-title '  itemprop=\"headline\" ><a href='https:\/\/www.satamapaikka.com\/?portfolio=naantalis-homeport' title='Naantali&#8217;s Homeport'>Naantali&#8217;s Homeport<\/a><\/h3><\/header><\/div><footer class=\"entry-footer\"><\/footer><\/article><\/div><div data-ajax-id='1052' class=' grid-entry flex_column isotope-item all_sort no_margin post-entry post-entry-1052 grid-entry-overview grid-loop-8 grid-parity-even  seasonal-berths_sort  av_one_sixth  default_av_fullwidth '><article class='main_color inner-entry'  itemscope=\"itemscope\" itemtype=\"https:\/\/schema.org\/CreativeWork\" ><a href=\"https:\/\/www.satamapaikka.com\/?portfolio=new-port-imatra\" title='New Port Imatra'  data-rel='grid-1' class='grid-image avia-hover-fx'> <img decoding=\"async\" fetchpriority=\"high\" width=\"260\" height=\"185\" src=\"https:\/\/www.satamapaikka.com\/wp-content\/uploads\/2025\/01\/Lammassaari-oleva-260x185.webp\" class=\"wp-image-1013 avia-img-lazy-loading-not-1013 attachment-portfolio_small size-portfolio_small wp-post-image\" alt=\"\" \/><\/a><div class='grid-content'><div class='avia-arrow'><\/div><header class=\"entry-content-header\" aria-label=\"Portfolio: New Port Imatra\"><h3 class='grid-entry-title entry-title '  itemprop=\"headline\" ><a href='https:\/\/www.satamapaikka.com\/?portfolio=new-port-imatra' title='New Port Imatra'>New Port Imatra<\/a><\/h3><\/header><\/div><footer class=\"entry-footer\"><\/footer><\/article><\/div><div data-ajax-id='2382' class=' grid-entry flex_column isotope-item all_sort no_margin post-entry post-entry-2382 grid-entry-overview grid-loop-9 grid-parity-odd  seasonal-berths_sort  av_one_sixth  default_av_fullwidth '><article class='main_color inner-entry'  itemscope=\"itemscope\" itemtype=\"https:\/\/schema.org\/CreativeWork\" ><a href=\"https:\/\/www.satamapaikka.com\/?portfolio=parainens-boat-places\" title='Parainen&#8217;s Boat Places'  data-rel='grid-1' class='grid-image avia-hover-fx'> <img decoding=\"async\" fetchpriority=\"high\" width=\"260\" height=\"185\" src=\"https:\/\/www.satamapaikka.com\/wp-content\/uploads\/2025\/02\/pargas_parainen_3-260x185.webp\" class=\"wp-image-2374 avia-img-lazy-loading-not-2374 attachment-portfolio_small size-portfolio_small wp-post-image\" alt=\"\" \/><\/a><div class='grid-content'><div class='avia-arrow'><\/div><header class=\"entry-content-header\" aria-label=\"Portfolio: Parainen&#8217;s Boat Places\"><h3 class='grid-entry-title entry-title '  itemprop=\"headline\" ><a href='https:\/\/www.satamapaikka.com\/?portfolio=parainens-boat-places' title='Parainen&#8217;s Boat Places'>Parainen&#8217;s Boat Places<\/a><\/h3><\/header><\/div><footer class=\"entry-footer\"><\/footer><\/article><\/div><div data-ajax-id='3665' class=' grid-entry flex_column isotope-item all_sort no_margin post-entry post-entry-3665 grid-entry-overview grid-loop-10 grid-parity-even  seasonal-berths_sort  av_one_sixth  default_av_fullwidth '><article class='main_color inner-entry'  itemscope=\"itemscope\" itemtype=\"https:\/\/schema.org\/CreativeWork\" ><a href=\"https:\/\/www.satamapaikka.com\/?portfolio=raasepori-boat-berths\" title='Raasepori Boat Berths'  data-rel='grid-1' class='grid-image avia-hover-fx'> <img decoding=\"async\" fetchpriority=\"high\" width=\"260\" height=\"185\" src=\"https:\/\/www.satamapaikka.com\/wp-content\/uploads\/2025\/03\/Ekenas-hamn-Tammisaaren-satama-Kjell-Svenskberg-2013-07-03-1-2000x1324-1-260x185.webp\" class=\"wp-image-3654 avia-img-lazy-loading-not-3654 attachment-portfolio_small size-portfolio_small wp-post-image\" alt=\"\" \/><\/a><div class='grid-content'><div class='avia-arrow'><\/div><header class=\"entry-content-header\" aria-label=\"Portfolio: Raasepori Boat Berths\"><h3 class='grid-entry-title entry-title '  itemprop=\"headline\" ><a href='https:\/\/www.satamapaikka.com\/?portfolio=raasepori-boat-berths' title='Raasepori Boat Berths'>Raasepori Boat Berths<\/a><\/h3><\/header><\/div><footer class=\"entry-footer\"><\/footer><\/article><\/div><div data-ajax-id='439' class=' grid-entry flex_column isotope-item all_sort no_margin post-entry post-entry-439 grid-entry-overview grid-loop-11 grid-parity-odd  seasonal-berths_sort  av_one_sixth  default_av_fullwidth '><article class='main_color inner-entry'  itemscope=\"itemscope\" itemtype=\"https:\/\/schema.org\/CreativeWork\" ><a href=\"https:\/\/www.satamapaikka.com\/?portfolio=ristiina-sailing-club\" title='Ristiina Sailing Club'  data-rel='grid-1' class='grid-image avia-hover-fx'> <img decoding=\"async\" fetchpriority=\"high\" width=\"260\" height=\"185\" src=\"https:\/\/www.satamapaikka.com\/wp-content\/uploads\/2024\/10\/RandomKuva-260x185.png\" class=\"wp-image-414 avia-img-lazy-loading-not-414 attachment-portfolio_small size-portfolio_small wp-post-image\" alt=\"\" \/><\/a><div class='grid-content'><div class='avia-arrow'><\/div><header class=\"entry-content-header\" aria-label=\"Portfolio: Ristiina Sailing Club\"><h3 class='grid-entry-title entry-title '  itemprop=\"headline\" ><a href='https:\/\/www.satamapaikka.com\/?portfolio=ristiina-sailing-club' title='Ristiina Sailing Club'>Ristiina Sailing Club<\/a><\/h3><\/header><\/div><footer class=\"entry-footer\"><\/footer><\/article><\/div><div data-ajax-id='6103' class=' grid-entry flex_column isotope-item all_sort no_margin post-entry post-entry-6103 grid-entry-overview grid-loop-12 grid-parity-even  seasonal-berths_sort  av_one_sixth  default_av_fullwidth '><article class='main_color inner-entry'  itemscope=\"itemscope\" itemtype=\"https:\/\/schema.org\/CreativeWork\" ><a href=\"https:\/\/www.satamapaikka.com\/?portfolio=6103\" title='Ruissalo Marina'  data-rel='grid-1' class='grid-image avia-hover-fx'> <img decoding=\"async\" fetchpriority=\"high\" width=\"260\" height=\"185\" src=\"https:\/\/www.satamapaikka.com\/wp-content\/uploads\/2025\/06\/ruissalo_ilmakuva_2-1-260x185.webp\" class=\"wp-image-4274 avia-img-lazy-loading-not-4274 attachment-portfolio_small size-portfolio_small wp-post-image\" alt=\"\" \/><\/a><div class='grid-content'><div class='avia-arrow'><\/div><header class=\"entry-content-header\" aria-label=\"Portfolio: Ruissalo Marina\"><h3 class='grid-entry-title entry-title '  itemprop=\"headline\" ><a href='https:\/\/www.satamapaikka.com\/?portfolio=6103' title='Ruissalo Marina'>Ruissalo Marina<\/a><\/h3><\/header><\/div><footer class=\"entry-footer\"><\/footer><\/article><\/div><div data-ajax-id='1041' class=' grid-entry flex_column isotope-item all_sort no_margin post-entry post-entry-1041 grid-entry-overview grid-loop-13 grid-parity-odd  post-entry-last  seasonal-berths_sort  av_one_sixth first default_av_fullwidth '><article class='main_color inner-entry'  itemscope=\"itemscope\" itemtype=\"https:\/\/schema.org\/CreativeWork\" ><a href=\"https:\/\/www.satamapaikka.com\/?portfolio=saimaa-marina-2\" title='Saimaa Marina'  data-rel='grid-1' class='grid-image avia-hover-fx'> <img decoding=\"async\" fetchpriority=\"high\" width=\"260\" height=\"185\" src=\"https:\/\/www.satamapaikka.com\/wp-content\/uploads\/2025\/01\/kuva-1-260x185.webp\" class=\"wp-image-1008 avia-img-lazy-loading-not-1008 attachment-portfolio_small size-portfolio_small wp-post-image\" alt=\"\" \/><\/a><div class='grid-content'><div class='avia-arrow'><\/div><header class=\"entry-content-header\" aria-label=\"Portfolio: Saimaa Marina\"><h3 class='grid-entry-title entry-title '  itemprop=\"headline\" ><a href='https:\/\/www.satamapaikka.com\/?portfolio=saimaa-marina-2' title='Saimaa Marina'>Saimaa Marina<\/a><\/h3><\/header><\/div><footer class=\"entry-footer\"><\/footer><\/article><\/div><\/div><\/div>   <!--   class=\"av-portfolio-grid-sorting-container\"  -->\n<div id='av_section_2'  class='avia-section av-kirsc-266afd3b3404b55791d45386ee1ff605 main_color avia-section-no-padding avia-no-border-styling  avia-builder-el-6  el_after_av_portfolio  avia-builder-el-last  fullwidth-map av-small-hide av-mini-hide avia-bg-style-scroll container_wrap fullsize'  ><div class='container av-section-cont-open' ><div class='template-page content  av-content-full alpha units'><div class='post-entry post-entry-type-page post-entry-140'><div class='entry-content-wrapper clearfix'>\n\n\n","protected":false},"excerpt":{"rendered":"","protected":false},"author":1,"featured_media":0,"parent":0,"menu_order":0,"comment_status":"closed","ping_status":"closed","template":"","meta":{"footnotes":""},"class_list":["post-140","page","type-page","status-publish","hentry"],"jetpack_sharing_enabled":true,"_links":{"self":[{"href":"https:\/\/www.satamapaikka.com\/index.php?rest_route=\/wp\/v2\/pages\/140","targetHints":{"allow":["GET"]}}],"collection":[{"href":"https:\/\/www.satamapaikka.com\/index.php?rest_route=\/wp\/v2\/pages"}],"about":[{"href":"https:\/\/www.satamapaikka.com\/index.php?rest_route=\/wp\/v2\/types\/page"}],"author":[{"embeddable":true,"href":"https:\/\/www.satamapaikka.com\/index.php?rest_route=\/wp\/v2\/users\/1"}],"replies":[{"embeddable":true,"href":"https:\/\/www.satamapaikka.com\/index.php?rest_route=%2Fwp%2Fv2%2Fcomments&post=140"}],"version-history":[{"count":33,"href":"https:\/\/www.satamapaikka.com\/index.php?rest_route=\/wp\/v2\/pages\/140\/revisions"}],"predecessor-version":[{"id":6144,"href":"https:\/\/www.satamapaikka.com\/index.php?rest_route=\/wp\/v2\/pages\/140\/revisions\/6144"}],"wp:attachment":[{"href":"https:\/\/www.satamapaikka.com\/index.php?rest_route=%2Fwp%2Fv2%2Fmedia&parent=140"}],"curies":[{"name":"wp","href":"https:\/\/api.w.org\/{rel}","templated":true}]}}